{"id":2242,"date":"2020-07-23T15:47:26","date_gmt":"2020-07-23T13:47:26","guid":{"rendered":"https:\/\/dih-bretagne.eu\/mentions-legales\/"},"modified":"2021-01-22T14:10:26","modified_gmt":"2021-01-22T13:10:26","slug":"legal-notice","status":"publish","type":"page","link":"https:\/\/dih-bretagne.eu\/en\/legal-notice\/","title":{"rendered":"Legal Notice"},"content":{"rendered":"\n<div class=\"wp-block-gk-wrapper-blocks blanc\">\n<p>Navigation on this site is subject to these terms of use. By accessing the information made available by Bretagne D\u00e9veloppement Innovation on its website, you acknowledge that you have read and accepted these terms of use.<\/p>\n\n\n\n<p><strong>Publisher<\/strong><br>This website is edited by Bretagne D\u00e9veloppement Innovation<\/p>\n\n\n\n<p><strong>Publication manager<\/strong><br>Alain Terpant<br>Managing Director<br>1bis route de Foug\u00e8res<br>35510 Cesson-S\u00e9vign\u00e9<\/p>\n\n\n\n<p><strong>Hosting<\/strong><br>The site is hosted by Icodia (icodia.com)<\/p>\n\n\n\n<p><strong>Site creator<\/strong><br>GosselinK Digital<br>6 all\u00e9e du Verger<br>35770 Vern-sur-Seiche<br>RCS Rennes&nbsp;827 994 682<\/p>\n\n\n\n<p><strong>Photo credit<\/strong><br>GosselinK Digital<br>6 all\u00e9e du Verger<br>35770 Vern-sur-Seiche<br>RCS Rennes&nbsp;827 994 682<\/p>\n\n\n\n<h2 class=\"wp-block-heading\">Intellectual property<\/h2>\n\n\n\n<p>This website is protected by intellectual property rights, in particular copyright, trademarks, domain names, know-how, software, databases, etc. Bretagne D\u00e9veloppement Innovation and\/or its partners are and remain the owners of all this content. Bretagne D\u00e9veloppement Innovation grants a limited, non-exclusive, revocable licence on these contents, without the right to sub-licence and exclusively for the purposes of access, navigation and use of the site. This licence does not imply any other right, in particular the right to commercially exploit the contents. Any unauthorised use of the contents may constitute an act of counterfeiting and\/or unfair competition.<\/p>\n\n\n\n<p><strong>Professional messaging<\/strong><br>The email addresses mentioned on the website are intended for professional use. Any abusive sending and\/or commercial solicitation not authorized by the recipient is prohibited.<\/p>\n\n\n\n<p><strong>Hypertext links<\/strong><br>The creation of hypertext links to the site is subject to the prior agreement of the Director of the publication identified above. In any event, links to the site must be removed on first request by Bretagne D\u00e9veloppement Innovation<\/p>\n\n\n\n<p><strong>Personal data<\/strong><br>The privacy policy regarding personal data is accessible at this address: [LINK TO PRIVACY POLICY]<\/p>\n\n\n\n<p><strong>Responsibilities<\/strong><br>The user of the site acknowledges that they have read the present legal notices and undertakes to respect them. Bretagne D\u00e9veloppement Innovation cannot guarantee the accuracy and completeness of the information published on this site, nor can it guarantee that it will always function properly or that it is completely secure. Bretagne D\u00e9veloppement Innovation cannot be held responsible for errors, lack of availability of the site and\/or the presence of viruses or other logical infections on its site.<\/p>\n\n\n\n<p><em>Last update: 28th July 2020<\/em><\/p>\n<\/div>\n","protected":false},"excerpt":{"rendered":"","protected":false},"author":2,"featured_media":0,"parent":0,"menu_order":0,"comment_status":"closed","ping_status":"closed","template":"","meta":{"footnotes":""},"acf":[],"yoast_head":"<!-- This site is optimized with the Yoast SEO plugin v21.1 - https:\/\/yoast.com\/wordpress\/plugins\/seo\/ -->\n<title>Legal Notice - European Digital Innovation Hub<\/title>\n<meta name=\"robots\" content=\"index, follow, max-snippet:-1, max-image-preview:large, max-video-preview:-1\" \/>\n<link rel=\"canonical\" href=\"https:\/\/dih-bretagne.eu\/en\/legal-notice\/\" \/>\n<meta property=\"og:locale\" content=\"en_US\" \/>\n<meta property=\"og:type\" content=\"article\" \/>\n<meta property=\"og:title\" content=\"Legal Notice - European Digital Innovation Hub\" \/>\n<meta property=\"og:url\" content=\"https:\/\/dih-bretagne.eu\/en\/legal-notice\/\" \/>\n<meta property=\"og:site_name\" content=\"European Digital Innovation Hub\" \/>\n<meta property=\"article:modified_time\" content=\"2021-01-22T13:10:26+00:00\" \/>\n<meta name=\"twitter:card\" content=\"summary_large_image\" \/>\n<meta name=\"twitter:site\" content=\"@BretagneBDI\" \/>\n<meta name=\"twitter:label1\" content=\"Est. reading time\" \/>\n\t<meta name=\"twitter:data1\" content=\"2 minutes\" \/>\n<script type=\"application\/ld+json\" class=\"yoast-schema-graph\">{\"@context\":\"https:\/\/schema.org\",\"@graph\":[{\"@type\":\"WebPage\",\"@id\":\"https:\/\/dih-bretagne.eu\/en\/legal-notice\/\",\"url\":\"https:\/\/dih-bretagne.eu\/en\/legal-notice\/\",\"name\":\"Legal Notice - European Digital Innovation Hub\",\"isPartOf\":{\"@id\":\"https:\/\/dih-bretagne.eu\/en\/#website\"},\"datePublished\":\"2020-07-23T13:47:26+00:00\",\"dateModified\":\"2021-01-22T13:10:26+00:00\",\"breadcrumb\":{\"@id\":\"https:\/\/dih-bretagne.eu\/en\/legal-notice\/#breadcrumb\"},\"inLanguage\":\"en-US\",\"potentialAction\":[{\"@type\":\"ReadAction\",\"target\":[\"https:\/\/dih-bretagne.eu\/en\/legal-notice\/\"]}]},{\"@type\":\"BreadcrumbList\",\"@id\":\"https:\/\/dih-bretagne.eu\/en\/legal-notice\/#breadcrumb\",\"itemListElement\":[{\"@type\":\"ListItem\",\"position\":1,\"name\":\"Home\",\"item\":\"https:\/\/dih-bretagne.eu\/en\/\"},{\"@type\":\"ListItem\",\"position\":2,\"name\":\"Legal Notice\"}]},{\"@type\":\"WebSite\",\"@id\":\"https:\/\/dih-bretagne.eu\/en\/#website\",\"url\":\"https:\/\/dih-bretagne.eu\/en\/\",\"name\":\"Digital Innovation Hub Bretagne\",\"description\":\"EDIH Bretagne\",\"publisher\":{\"@id\":\"https:\/\/dih-bretagne.eu\/en\/#organization\"},\"potentialAction\":[{\"@type\":\"SearchAction\",\"target\":{\"@type\":\"EntryPoint\",\"urlTemplate\":\"https:\/\/dih-bretagne.eu\/en\/?s={search_term_string}\"},\"query-input\":\"required name=search_term_string\"}],\"inLanguage\":\"en-US\"},{\"@type\":\"Organization\",\"@id\":\"https:\/\/dih-bretagne.eu\/en\/#organization\",\"name\":\"Bretagne D\u00e9veloppement Innovation\",\"url\":\"https:\/\/dih-bretagne.eu\/en\/\",\"logo\":{\"@type\":\"ImageObject\",\"inLanguage\":\"en-US\",\"@id\":\"https:\/\/dih-bretagne.eu\/en\/#\/schema\/logo\/image\/\",\"url\":\"https:\/\/dih-bretagne.eu\/wp-content\/uploads\/2020\/07\/logo-03.jpg\",\"contentUrl\":\"https:\/\/dih-bretagne.eu\/wp-content\/uploads\/2020\/07\/logo-03.jpg\",\"width\":172,\"height\":107,\"caption\":\"Bretagne D\u00e9veloppement Innovation\"},\"image\":{\"@id\":\"https:\/\/dih-bretagne.eu\/en\/#\/schema\/logo\/image\/\"},\"sameAs\":[\"https:\/\/twitter.com\/BretagneBDI\",\"https:\/\/www.linkedin.com\/company\/bretagnebdi\",\"https:\/\/www.youtube.com\/channel\/UC-LdqCXDZO6zCDsRVO5G5bQ\"]}]}<\/script>\n<!-- \/ Yoast SEO plugin. -->","yoast_head_json":{"title":"Legal Notice - European Digital Innovation Hub","robots":{"index":"index","follow":"follow","max-snippet":"max-snippet:-1","max-image-preview":"max-image-preview:large","max-video-preview":"max-video-preview:-1"},"canonical":"https:\/\/dih-bretagne.eu\/en\/legal-notice\/","og_locale":"en_US","og_type":"article","og_title":"Legal Notice - European Digital Innovation Hub","og_url":"https:\/\/dih-bretagne.eu\/en\/legal-notice\/","og_site_name":"European Digital Innovation Hub","article_modified_time":"2021-01-22T13:10:26+00:00","twitter_card":"summary_large_image","twitter_site":"@BretagneBDI","twitter_misc":{"Est. reading time":"2 minutes"},"schema":{"@context":"https:\/\/schema.org","@graph":[{"@type":"WebPage","@id":"https:\/\/dih-bretagne.eu\/en\/legal-notice\/","url":"https:\/\/dih-bretagne.eu\/en\/legal-notice\/","name":"Legal Notice - European Digital Innovation Hub","isPartOf":{"@id":"https:\/\/dih-bretagne.eu\/en\/#website"},"datePublished":"2020-07-23T13:47:26+00:00","dateModified":"2021-01-22T13:10:26+00:00","breadcrumb":{"@id":"https:\/\/dih-bretagne.eu\/en\/legal-notice\/#breadcrumb"},"inLanguage":"en-US","potentialAction":[{"@type":"ReadAction","target":["https:\/\/dih-bretagne.eu\/en\/legal-notice\/"]}]},{"@type":"BreadcrumbList","@id":"https:\/\/dih-bretagne.eu\/en\/legal-notice\/#breadcrumb","itemListElement":[{"@type":"ListItem","position":1,"name":"Home","item":"https:\/\/dih-bretagne.eu\/en\/"},{"@type":"ListItem","position":2,"name":"Legal Notice"}]},{"@type":"WebSite","@id":"https:\/\/dih-bretagne.eu\/en\/#website","url":"https:\/\/dih-bretagne.eu\/en\/","name":"Digital Innovation Hub Bretagne","description":"EDIH Bretagne","publisher":{"@id":"https:\/\/dih-bretagne.eu\/en\/#organization"},"potentialAction":[{"@type":"SearchAction","target":{"@type":"EntryPoint","urlTemplate":"https:\/\/dih-bretagne.eu\/en\/?s={search_term_string}"},"query-input":"required name=search_term_string"}],"inLanguage":"en-US"},{"@type":"Organization","@id":"https:\/\/dih-bretagne.eu\/en\/#organization","name":"Bretagne D\u00e9veloppement Innovation","url":"https:\/\/dih-bretagne.eu\/en\/","logo":{"@type":"ImageObject","inLanguage":"en-US","@id":"https:\/\/dih-bretagne.eu\/en\/#\/schema\/logo\/image\/","url":"https:\/\/dih-bretagne.eu\/wp-content\/uploads\/2020\/07\/logo-03.jpg","contentUrl":"https:\/\/dih-bretagne.eu\/wp-content\/uploads\/2020\/07\/logo-03.jpg","width":172,"height":107,"caption":"Bretagne D\u00e9veloppement Innovation"},"image":{"@id":"https:\/\/dih-bretagne.eu\/en\/#\/schema\/logo\/image\/"},"sameAs":["https:\/\/twitter.com\/BretagneBDI","https:\/\/www.linkedin.com\/company\/bretagnebdi","https:\/\/www.youtube.com\/channel\/UC-LdqCXDZO6zCDsRVO5G5bQ"]}]}},"_links":{"self":[{"href":"https:\/\/dih-bretagne.eu\/en\/wp-json\/wp\/v2\/pages\/2242"}],"collection":[{"href":"https:\/\/dih-bretagne.eu\/en\/wp-json\/wp\/v2\/pages"}],"about":[{"href":"https:\/\/dih-bretagne.eu\/en\/wp-json\/wp\/v2\/types\/page"}],"author":[{"embeddable":true,"href":"https:\/\/dih-bretagne.eu\/en\/wp-json\/wp\/v2\/users\/2"}],"replies":[{"embeddable":true,"href":"https:\/\/dih-bretagne.eu\/en\/wp-json\/wp\/v2\/comments?post=2242"}],"version-history":[{"count":5,"href":"https:\/\/dih-bretagne.eu\/en\/wp-json\/wp\/v2\/pages\/2242\/revisions"}],"predecessor-version":[{"id":2309,"href":"https:\/\/dih-bretagne.eu\/en\/wp-json\/wp\/v2\/pages\/2242\/revisions\/2309"}],"wp:attachment":[{"href":"https:\/\/dih-bretagne.eu\/en\/wp-json\/wp\/v2\/media?parent=2242"}],"curies":[{"name":"wp","href":"https:\/\/api.w.org\/{rel}","templated":true}]}}