{"id":2247,"date":"2020-07-23T15:52:09","date_gmt":"2020-07-23T13:52:09","guid":{"rendered":"https:\/\/dih-bretagne.eu\/politique-de-donnees-personnelles\/"},"modified":"2021-01-22T14:12:32","modified_gmt":"2021-01-22T13:12:32","slug":"personal-data-policy","status":"publish","type":"page","link":"https:\/\/dih-bretagne.eu\/en\/personal-data-policy\/","title":{"rendered":"Personal data policy"},"content":{"rendered":"\n<div class=\"wp-block-gk-wrapper-blocks blanc\">\n<h3 class=\"wp-block-heading\"><strong>Personal data<\/strong><\/h3>\n\n\n\n<p>All personal data collected via the website are processed according to the following rules:<\/p>\n\n\n\n<p>The data controller is Elodie Boileux. Personal data is collected for the proper functioning of the site as well as for statistical purposes.<\/p>\n\n\n\n<p>The recipients of personal data are the employees of Bretagne D\u00e9veloppement Innovation and Images et R\u00e9seaux.<\/p>\n\n\n\n<p>Each person whose personal data is collected via this site has, under the conditions and within the limits of the Law, a right of access, opposition, limitation, portability, rectification, omission and repair. These people can exercise their rights by sending a letter or an email to the Data Protection Officer e.boileux(@)bdi.fr or Bretagne D\u00e9veloppement Innovation, 1bis route de&nbsp;Foug\u00e8res, 35510 Cesson-S\u00e9vign\u00e9.<\/p>\n\n\n\n<h3 class=\"wp-block-heading\"><strong>Cookie Management Policy<\/strong><\/h3>\n\n\n\n<p>In order to offer a more efficient navigation, the user is informed that this site uses cookies. During a visit to this website, cookies (also known as \u2018tracers\u2019) may be installed in the user\u2019s terminal subject to the choices and options that the user has expressed or may express at any time.<\/p>\n\n\n\n<p>Cookies are data stored in a user\u2019s terminal and used by the site to send information to the user\u2019s browser, allowing that browser to send information back to the originating site (e.g. a session ID, choice of language or date).<\/p>\n\n\n\n<p>Cookies make it possible to store status information for the duration of their validity when a browser accesses the various pages of a website or when that browser subsequently returns to that website.<\/p>\n\n\n\n<p>Only the issuer of a cookie can read or modify the information contained therein.<\/p>\n\n\n\n<p>There are different types of cookies:<\/p>\n\n\n\n<ul><li>Session cookies that are temporary and are deleted as soon as you leave your browser or the site,<\/li><li>Permanent cookies that remain on your device until their lifetime expires or until you delete them using your browser features.<\/li><\/ul>\n\n\n\n<h3 class=\"wp-block-heading\"><strong>On this site<\/strong><\/h3>\n\n\n\n<p>On this site The cookies used by this site are the following:<\/p>\n\n\n\n<table border=\"1\" cellspacing=\"0\" cellpadding=\"0\">\n<tbody>\n<tr>\n<td valign=\"top\"><p><strong>Type of cookie <\/strong><\/p><\/td>\n<td valign=\"top\"><p><strong>Purposes of cookies<\/strong><\/p><\/td>\n<td valign=\"top\"><p><strong>Storage duration<\/strong><\/p><\/td>\n<\/tr>\n\n<tr>\n<td valign=\"top\"><p>Operating cookie<\/p><\/td>\n<td valign=\"top\"><p>This cookie is used to manage the user\u2019s session by the servers <\/p><\/td>\n<td valign=\"top\"><p>They are temporary and are deleted as soon as the user leaves the site <\/p><\/td>\n<\/tr>\n\n<tr>\n<td valign=\"top\"><p>Cookie de fonctionnement<\/p><\/td>\n<td valign=\"top\"><p>Allows the user\u2019s choice of cookies to be stored <\/p><\/td>\n<td valign=\"top\"><p>1 year<\/p><\/td>\n<\/tr>\n\n<tr>\n<td valign=\"top\"><p>Google Analytics cookie<\/p><\/td>\n<td valign=\"top\"><p>Statistical analysis and audience measurement<\/p><\/td>\n<td valign=\"top\"><p>2 years<\/p><\/td>\n<\/tr>\n\n<\/tbody>\n<\/table>\n\n\n\n<h3 class=\"wp-block-heading\"><strong>Consent<\/strong><\/h3>\n\n\n\n<p>When they are not exclusively intended to enable or facilitate communication by electronic means or when they are not strictly necessary for the provision of an online communication service at your request, cookies are subject to the consent of the user.<\/p>\n\n\n\n<p>This is why, during the first visit, the user is informed by a banner that, if they decide to continue browsing or click on \u2018I accept\u2019, they accept the installation of the cookies described above on their terminal. A cookie will be installed to remember the user\u2019s choice. It should be noted that if the user deletes this cookie, their consent will be requested again and the banner will appear again.<\/p>\n\n\n\n<p>The user can, at any time, reconsider their choice by opening the cookie management banner again, accessible at the bottom of the page.<\/p>\n\n\n\n<h3 class=\"wp-block-heading\"><strong>How to manage cookies<\/strong><\/h3>\n\n\n\n<p>The user has several options for deleting cookies. Most browsers are set by default to accept the installation of cookies, but the user has the possibility to choose to accept all cookies, or to reject them systematically, or to choose which ones they accept depending on the issuer. The user can also set their browser to accept or refuse cookies on a case-by-case basis before they are installed. Finally, the user can regularly delete cookies from their terminal via their browser.<\/p>\n\n\n\n<p>For the management of cookies, the configuration of each browser is different. It is described in the help menu of your browser, which allows you to find out how to change your cookie preferences.<\/p>\n\n\n\n<p>By setting a browser to refuse cookies, certain features, pages or areas of the site may not be accessible, for which Bretagne D\u00e9veloppement Innovation cannot be held responsible.<\/p>\n\n\n\n<p>When the user objects to the installation or use of a cookie, a refusal cookie is installed on their terminal. If the user then deletes this refusal cookie, it will no longer be possible to identify the user as having refused the use of cookies.<\/p>\n<\/div>\n","protected":false},"excerpt":{"rendered":"","protected":false},"author":2,"featured_media":0,"parent":0,"menu_order":0,"comment_status":"closed","ping_status":"closed","template":"","meta":{"footnotes":""},"acf":[],"yoast_head":"<!-- This site is optimized with the Yoast SEO plugin v21.1 - https:\/\/yoast.com\/wordpress\/plugins\/seo\/ -->\n<title>Personal data policy - European Digital Innovation Hub<\/title>\n<meta name=\"robots\" content=\"index, follow, max-snippet:-1, max-image-preview:large, max-video-preview:-1\" \/>\n<link rel=\"canonical\" href=\"https:\/\/dih-bretagne.eu\/en\/personal-data-policy\/\" \/>\n<meta property=\"og:locale\" content=\"en_US\" \/>\n<meta property=\"og:type\" content=\"article\" \/>\n<meta property=\"og:title\" content=\"Personal data policy - European Digital Innovation Hub\" \/>\n<meta property=\"og:url\" content=\"https:\/\/dih-bretagne.eu\/en\/personal-data-policy\/\" \/>\n<meta property=\"og:site_name\" content=\"European Digital Innovation Hub\" \/>\n<meta property=\"article:modified_time\" content=\"2021-01-22T13:12:32+00:00\" \/>\n<meta name=\"twitter:card\" content=\"summary_large_image\" \/>\n<meta name=\"twitter:site\" content=\"@BretagneBDI\" \/>\n<meta name=\"twitter:label1\" content=\"Est. reading time\" \/>\n\t<meta name=\"twitter:data1\" content=\"4 minutes\" \/>\n<script type=\"application\/ld+json\" class=\"yoast-schema-graph\">{\"@context\":\"https:\/\/schema.org\",\"@graph\":[{\"@type\":\"WebPage\",\"@id\":\"https:\/\/dih-bretagne.eu\/en\/personal-data-policy\/\",\"url\":\"https:\/\/dih-bretagne.eu\/en\/personal-data-policy\/\",\"name\":\"Personal data policy - European Digital Innovation Hub\",\"isPartOf\":{\"@id\":\"https:\/\/dih-bretagne.eu\/en\/#website\"},\"datePublished\":\"2020-07-23T13:52:09+00:00\",\"dateModified\":\"2021-01-22T13:12:32+00:00\",\"breadcrumb\":{\"@id\":\"https:\/\/dih-bretagne.eu\/en\/personal-data-policy\/#breadcrumb\"},\"inLanguage\":\"en-US\",\"potentialAction\":[{\"@type\":\"ReadAction\",\"target\":[\"https:\/\/dih-bretagne.eu\/en\/personal-data-policy\/\"]}]},{\"@type\":\"BreadcrumbList\",\"@id\":\"https:\/\/dih-bretagne.eu\/en\/personal-data-policy\/#breadcrumb\",\"itemListElement\":[{\"@type\":\"ListItem\",\"position\":1,\"name\":\"Home\",\"item\":\"https:\/\/dih-bretagne.eu\/en\/\"},{\"@type\":\"ListItem\",\"position\":2,\"name\":\"Personal data policy\"}]},{\"@type\":\"WebSite\",\"@id\":\"https:\/\/dih-bretagne.eu\/en\/#website\",\"url\":\"https:\/\/dih-bretagne.eu\/en\/\",\"name\":\"Digital Innovation Hub Bretagne\",\"description\":\"EDIH Bretagne\",\"publisher\":{\"@id\":\"https:\/\/dih-bretagne.eu\/en\/#organization\"},\"potentialAction\":[{\"@type\":\"SearchAction\",\"target\":{\"@type\":\"EntryPoint\",\"urlTemplate\":\"https:\/\/dih-bretagne.eu\/en\/?s={search_term_string}\"},\"query-input\":\"required name=search_term_string\"}],\"inLanguage\":\"en-US\"},{\"@type\":\"Organization\",\"@id\":\"https:\/\/dih-bretagne.eu\/en\/#organization\",\"name\":\"Bretagne D\u00e9veloppement Innovation\",\"url\":\"https:\/\/dih-bretagne.eu\/en\/\",\"logo\":{\"@type\":\"ImageObject\",\"inLanguage\":\"en-US\",\"@id\":\"https:\/\/dih-bretagne.eu\/en\/#\/schema\/logo\/image\/\",\"url\":\"https:\/\/dih-bretagne.eu\/wp-content\/uploads\/2020\/07\/logo-03.jpg\",\"contentUrl\":\"https:\/\/dih-bretagne.eu\/wp-content\/uploads\/2020\/07\/logo-03.jpg\",\"width\":172,\"height\":107,\"caption\":\"Bretagne D\u00e9veloppement Innovation\"},\"image\":{\"@id\":\"https:\/\/dih-bretagne.eu\/en\/#\/schema\/logo\/image\/\"},\"sameAs\":[\"https:\/\/twitter.com\/BretagneBDI\",\"https:\/\/www.linkedin.com\/company\/bretagnebdi\",\"https:\/\/www.youtube.com\/channel\/UC-LdqCXDZO6zCDsRVO5G5bQ\"]}]}<\/script>\n<!-- \/ Yoast SEO plugin. -->","yoast_head_json":{"title":"Personal data policy - European Digital Innovation Hub","robots":{"index":"index","follow":"follow","max-snippet":"max-snippet:-1","max-image-preview":"max-image-preview:large","max-video-preview":"max-video-preview:-1"},"canonical":"https:\/\/dih-bretagne.eu\/en\/personal-data-policy\/","og_locale":"en_US","og_type":"article","og_title":"Personal data policy - European Digital Innovation Hub","og_url":"https:\/\/dih-bretagne.eu\/en\/personal-data-policy\/","og_site_name":"European Digital Innovation Hub","article_modified_time":"2021-01-22T13:12:32+00:00","twitter_card":"summary_large_image","twitter_site":"@BretagneBDI","twitter_misc":{"Est. reading time":"4 minutes"},"schema":{"@context":"https:\/\/schema.org","@graph":[{"@type":"WebPage","@id":"https:\/\/dih-bretagne.eu\/en\/personal-data-policy\/","url":"https:\/\/dih-bretagne.eu\/en\/personal-data-policy\/","name":"Personal data policy - European Digital Innovation Hub","isPartOf":{"@id":"https:\/\/dih-bretagne.eu\/en\/#website"},"datePublished":"2020-07-23T13:52:09+00:00","dateModified":"2021-01-22T13:12:32+00:00","breadcrumb":{"@id":"https:\/\/dih-bretagne.eu\/en\/personal-data-policy\/#breadcrumb"},"inLanguage":"en-US","potentialAction":[{"@type":"ReadAction","target":["https:\/\/dih-bretagne.eu\/en\/personal-data-policy\/"]}]},{"@type":"BreadcrumbList","@id":"https:\/\/dih-bretagne.eu\/en\/personal-data-policy\/#breadcrumb","itemListElement":[{"@type":"ListItem","position":1,"name":"Home","item":"https:\/\/dih-bretagne.eu\/en\/"},{"@type":"ListItem","position":2,"name":"Personal data policy"}]},{"@type":"WebSite","@id":"https:\/\/dih-bretagne.eu\/en\/#website","url":"https:\/\/dih-bretagne.eu\/en\/","name":"Digital Innovation Hub Bretagne","description":"EDIH Bretagne","publisher":{"@id":"https:\/\/dih-bretagne.eu\/en\/#organization"},"potentialAction":[{"@type":"SearchAction","target":{"@type":"EntryPoint","urlTemplate":"https:\/\/dih-bretagne.eu\/en\/?s={search_term_string}"},"query-input":"required name=search_term_string"}],"inLanguage":"en-US"},{"@type":"Organization","@id":"https:\/\/dih-bretagne.eu\/en\/#organization","name":"Bretagne D\u00e9veloppement Innovation","url":"https:\/\/dih-bretagne.eu\/en\/","logo":{"@type":"ImageObject","inLanguage":"en-US","@id":"https:\/\/dih-bretagne.eu\/en\/#\/schema\/logo\/image\/","url":"https:\/\/dih-bretagne.eu\/wp-content\/uploads\/2020\/07\/logo-03.jpg","contentUrl":"https:\/\/dih-bretagne.eu\/wp-content\/uploads\/2020\/07\/logo-03.jpg","width":172,"height":107,"caption":"Bretagne D\u00e9veloppement Innovation"},"image":{"@id":"https:\/\/dih-bretagne.eu\/en\/#\/schema\/logo\/image\/"},"sameAs":["https:\/\/twitter.com\/BretagneBDI","https:\/\/www.linkedin.com\/company\/bretagnebdi","https:\/\/www.youtube.com\/channel\/UC-LdqCXDZO6zCDsRVO5G5bQ"]}]}},"_links":{"self":[{"href":"https:\/\/dih-bretagne.eu\/en\/wp-json\/wp\/v2\/pages\/2247"}],"collection":[{"href":"https:\/\/dih-bretagne.eu\/en\/wp-json\/wp\/v2\/pages"}],"about":[{"href":"https:\/\/dih-bretagne.eu\/en\/wp-json\/wp\/v2\/types\/page"}],"author":[{"embeddable":true,"href":"https:\/\/dih-bretagne.eu\/en\/wp-json\/wp\/v2\/users\/2"}],"replies":[{"embeddable":true,"href":"https:\/\/dih-bretagne.eu\/en\/wp-json\/wp\/v2\/comments?post=2247"}],"version-history":[{"count":2,"href":"https:\/\/dih-bretagne.eu\/en\/wp-json\/wp\/v2\/pages\/2247\/revisions"}],"predecessor-version":[{"id":2289,"href":"https:\/\/dih-bretagne.eu\/en\/wp-json\/wp\/v2\/pages\/2247\/revisions\/2289"}],"wp:attachment":[{"href":"https:\/\/dih-bretagne.eu\/en\/wp-json\/wp\/v2\/media?parent=2247"}],"curies":[{"name":"wp","href":"https:\/\/api.w.org\/{rel}","templated":true}]}}